{"id":14237,"date":"2014-09-01T11:32:02","date_gmt":"2014-09-01T11:32:02","guid":{"rendered":"https:\/\/lakeshoes.es\/contacto\/"},"modified":"2025-09-23T08:54:27","modified_gmt":"2025-09-23T08:54:27","slug":"contact-us","status":"publish","type":"page","link":"https:\/\/lakeshoes.es\/en\/contact-us\/","title":{"rendered":"Contact Us"},"content":{"rendered":"<div class=\"wpb-content-wrapper\">[mk_page_section bg_image=&#8221;\/wp-content\/uploads\/2018\/07\/contacto-fondo-1.jpg&#8221; attachment=&#8221;fixed&#8221; bg_stretch=&#8221;true&#8221; min_height=&#8221;0&#8243; full_height=&#8221;true&#8221; sidebar=&#8221;sidebar-1&#8243; first_page=&#8221;false&#8221; last_page=&#8221;false&#8221;][vc_column][mk_fancy_title tag_name=&#8221;h1&#8243; color=&#8221;#ffffff&#8221; size=&#8221;28&#8243; font_weight=&#8221;bold&#8221; txt_transform=&#8221;uppercase&#8221; letter_spacing=&#8221;6&#8243; margin_bottom=&#8221;0&#8243; font_family=&#8221;none&#8221; align=&#8221;center&#8221;]CONTACT US[\/mk_fancy_title][mk_divider style=&#8221;thin_solid&#8221; divider_width=&#8221;custom_width&#8221; custom_width=&#8221;30&#8243; thin_single_color=&#8221;#dbc76d&#8221; thickness=&#8221;3&#8243; margin_top=&#8221;30&#8243; margin_bottom=&#8221;30&#8243;][vc_column_text disable_pattern=&#8221;false&#8221; align=&#8221;center&#8221; margin_bottom=&#8221;60&#8243; css=&#8221;.vc_custom_1542019947795{margin-bottom: 60px !important;}&#8221;]\n<p style=\"color: white; line-height: 32px; font-size: 16px; letter-spacing: 1px;\">Poligono Cer\u00e1mica de la Asunci\u00f3n<br \/>\nC\/ Barran Fort Sn<br \/>\nPo Box &#8211; 03330 Crevillente<br \/>\nAlicante (Espa\u00f1a)<br \/>\nTel\u00e9fono: <a href=\"tel:966682705\"><span style=\"color: #ffffff;\">+34 966 682 705<\/span><\/a><\/p>\n[\/vc_column_text][vc_row_inner attached=&#8221;true&#8221;][vc_column_inner width=&#8221;1\/4&#8243;][\/vc_column_inner][vc_column_inner width=&#8221;1\/4&#8243;][mk_button dimension=&#8221;outline&#8221; corner_style=&#8221;rounded&#8221; size=&#8221;large&#8221; url=&#8221;#map&#8221; align=&#8221;right&#8221; outline_skin=&#8221;light&#8221;]LOCATION[\/mk_button][\/vc_column_inner][vc_column_inner width=&#8221;1\/4&#8243;][mk_button dimension=&#8221;outline&#8221; corner_style=&#8221;rounded&#8221; size=&#8221;large&#8221; url=&#8221;#msg&#8221; outline_skin=&#8221;light&#8221;]SEND MESSAGE[\/mk_button][\/vc_column_inner][vc_column_inner width=&#8221;1\/4&#8243;][\/vc_column_inner][\/vc_row_inner][\/vc_column][\/mk_page_section][mk_page_section bg_color=&#8221;#3d3d3d&#8221; min_height=&#8221;0&#8243; full_height=&#8221;true&#8221; padding_top=&#8221;60&#8243; padding_bottom=&#8221;60&#8243; section_id=&#8221;msg&#8221; sidebar=&#8221;sidebar-1&#8243; first_page=&#8221;false&#8221; last_page=&#8221;false&#8221;][vc_column][mk_fancy_title color=&#8221;#ffffff&#8221; size=&#8221;20&#8243; font_weight=&#8221;bold&#8221; txt_transform=&#8221;uppercase&#8221; letter_spacing=&#8221;2&#8243; margin_bottom=&#8221;0&#8243; font_family=&#8221;none&#8221; align=&#8221;center&#8221;]CONTACT US[\/mk_fancy_title][mk_divider style=&#8221;thin_solid&#8221; divider_width=&#8221;custom_width&#8221; custom_width=&#8221;30&#8243; thin_single_color=&#8221;#dbc76d&#8221; thickness=&#8221;3&#8243; margin_top=&#8221;30&#8243; margin_bottom=&#8221;30&#8243;][vc_row_inner][vc_column_inner width=&#8221;1\/6&#8243;][\/vc_column_inner][vc_column_inner width=&#8221;2\/3&#8243;]\n<div class=\"wpcf7 no-js\" id=\"wpcf7-f14242-o1\" lang=\"es-ES\" dir=\"ltr\" data-wpcf7-id=\"14242\">\n<div class=\"screen-reader-response\"><p role=\"status\" aria-live=\"polite\" aria-atomic=\"true\"><\/p> <ul><\/ul><\/div>\n<form action=\"\/en\/wp-json\/wp\/v2\/pages\/14237#wpcf7-f14242-o1\" method=\"post\" class=\"wpcf7-form init\" aria-label=\"Formulario de contacto\" novalidate=\"novalidate\" data-status=\"init\">\n<fieldset class=\"hidden-fields-container\"><input type=\"hidden\" name=\"_wpcf7\" value=\"14242\" \/><input type=\"hidden\" name=\"_wpcf7_version\" value=\"6.1.5\" \/><input type=\"hidden\" name=\"_wpcf7_locale\" value=\"es_ES\" \/><input type=\"hidden\" name=\"_wpcf7_unit_tag\" value=\"wpcf7-f14242-o1\" \/><input type=\"hidden\" name=\"_wpcf7_container_post\" value=\"0\" \/><input type=\"hidden\" name=\"_wpcf7_posted_data_hash\" value=\"\" \/><input type=\"hidden\" name=\"_wpcf7_recaptcha_response\" value=\"\" \/>\n<\/fieldset>\n<p class=\"double\" style=\"text-align:center\"><span class=\"wpcf7-form-control-wrap\" data-name=\"your-name\"><input size=\"40\" maxlength=\"400\" class=\"wpcf7-form-control wpcf7-text wpcf7-validates-as-required\" aria-required=\"true\" aria-invalid=\"false\" placeholder=\"NAME AND SURNAME*\" value=\"\" type=\"text\" name=\"your-name\" \/><\/span><span class=\"wpcf7-form-control-wrap\" data-name=\"your-email\"><input size=\"40\" maxlength=\"400\" class=\"wpcf7-form-control wpcf7-email wpcf7-validates-as-required wpcf7-text wpcf7-validates-as-email\" aria-required=\"true\" aria-invalid=\"false\" placeholder=\"EMAIL*\" value=\"\" type=\"email\" name=\"your-email\" \/><\/span>\n<\/p>\n<p class=\"double\" style=\"text-align:center\"><span class=\"wpcf7-form-control-wrap\" data-name=\"your-telefono\"><input size=\"40\" maxlength=\"400\" class=\"wpcf7-form-control wpcf7-text wpcf7-validates-as-required\" aria-required=\"true\" aria-invalid=\"false\" placeholder=\"PHONE*\" value=\"\" type=\"text\" name=\"your-telefono\" \/><\/span><span class=\"wpcf7-form-control-wrap\" data-name=\"your-asunto\"><input size=\"40\" maxlength=\"400\" class=\"wpcf7-form-control wpcf7-text wpcf7-validates-as-required\" aria-required=\"true\" aria-invalid=\"false\" placeholder=\"SUBJECT*\" value=\"\" type=\"text\" name=\"your-asunto\" \/><\/span>\n<\/p>\n<p class=\"full\" style=\"text-align:center\"><span class=\"wpcf7-form-control-wrap\" data-name=\"your-message\"><textarea cols=\"40\" rows=\"5\" maxlength=\"2000\" class=\"wpcf7-form-control wpcf7-textarea cont-100\" aria-invalid=\"false\" placeholder=\"MESSAGE\" name=\"your-message\"><\/textarea><\/span>\n<\/p>\n<div class=\"full\" style=\"text-align:center;width: 40%;margin-left: 30%; color:#fff;\">\n\t<p><span class=\"wpcf7-form-control-wrap\" data-name=\"quiz-549\"><label><span class=\"wpcf7-quiz-label\">2+3<\/span> <input size=\"40\" class=\"wpcf7-form-control wpcf7-quiz\" autocomplete=\"off\" aria-required=\"true\" aria-invalid=\"false\" type=\"text\" name=\"quiz-549\" \/><\/label><input type=\"hidden\" name=\"_wpcf7_quiz_answer_quiz-549\" value=\"a3b13111889bdcaa4d2499f987450b8f\" \/><\/span>\n\t<\/p>\n<\/div>\n<p  style=\"text-align:center\"><span class=\"wpcf7-form-control-wrap\" data-name=\"acceptance-446\"><span class=\"wpcf7-form-control wpcf7-acceptance\"><span class=\"wpcf7-list-item\"><input type=\"checkbox\" name=\"acceptance-446\" value=\"1\" aria-invalid=\"false\" \/><\/span><\/span><\/span><span style=\"color:#fff;\">LAKE SHOE S.L. es el Responsable del tratamiento de los datos personales del usuario y le informa que estos datos ser\u00e1n tratados de conformidad con lo dispuesto en el Reglamento (UE) 2016\/679 de 27 de abril de 2016 (GDPR), por lo que se le facilita la siguiente informaci\u00f3n del tratamiento:<br \/>\nFin del tratamiento: Por inter\u00e9s leg\u00edtimo del responsable: mantener una relaci\u00f3n comercial. Por consentimiento del interesado: el env\u00edo de comunicaciones de productos o servicios.<br \/>\nCriterios de conservaci\u00f3n de los datos: se conservar\u00e1n mientras exista un inter\u00e9s mutuo para mantener el fin del tratamiento y cuando ya no sea necesario para tal fin, se suprimir\u00e1n con medidas de seguridad adecuadas para garantizar la seudonimizaci\u00f3n de los datos o la destrucci\u00f3n total de los mismos.<br \/>\nComunicaci\u00f3n de los datos: No se comunicar\u00e1n los datos a terceros, salvo obligaci\u00f3n legal. Derechos que asisten al usuario: Derecho a retirar el consentimiento en cualquier<br \/>\nmomento. Derecho de acceso, rectificaci\u00f3n, portabilidad y supresi\u00f3n de sus datos y a la limitaci\u00f3n u oposici\u00f3n al su tratamiento. Derecho a presentar una reclamaci\u00f3n ante la Autoridad de control<br \/>\n(www.aepd.es) si considera que el tratamiento no se ajusta a la normativa vigente.<br \/>\nDatos de contacto para ejercer sus derechos: administracion@lkshoe.es. <\/span><a href=\"\/politica-de-privacidad\/\">pol\u00edtica de privacidad<\/a>\n<\/p>\n<p style=\"text-align:center\"><input class=\"wpcf7-form-control wpcf7-submit has-spinner\" type=\"submit\" value=\"SEND\" \/>\n<\/p><div class=\"wpcf7-response-output\" aria-hidden=\"true\"><\/div>\n<\/form>\n<\/div>\n[\/vc_column_inner][vc_column_inner width=&#8221;1\/6&#8243;][\/vc_column_inner][\/vc_row_inner][\/vc_column][\/mk_page_section][vc_row fullwidth=&#8221;true&#8221; padding=&#8221;0&#8243; id=&#8221;map&#8221;][vc_column][vc_column_text css=&#8221;.vc_custom_1603966755463{margin-bottom: 0px !important;}&#8221;]<iframe loading=\"lazy\" style=\"border: 0;\" tabindex=\"0\" src=\"https:\/\/www.google.com\/maps\/embed?pb=!1m14!1m8!1m3!1d12532.847036125693!2d-0.7914119!3d38.2513945!3m2!1i1024!2i768!4f13.1!3m3!1m2!1s0x0%3A0x80e3261422ee8289!2sLake%20Shoes%20-%20Fabricante%20de%20calzado%20vulcanizado%20y%20autoclave!5e0!3m2!1ses!2ses!4v1603966338951!5m2!1ses!2ses\" width=\"100%\" height=\"500px\" frameborder=\"0\" allowfullscreen=\"allowfullscreen\" aria-hidden=\"false\"><\/iframe>[\/vc_column_text][\/vc_column][\/vc_row]\n<\/div>","protected":false},"excerpt":{"rendered":"<p>[mk_page_section bg_image=&#8221;\/wp-content\/uploads\/2018\/07\/contacto-fondo-1.jpg&#8221; attachment=&#8221;fixed&#8221; bg_stretch=&#8221;true&#8221; min_height=&#8221;0&#8243; full_height=&#8221;true&#8221; sidebar=&#8221;sidebar-1&#8243; first_page=&#8221;false&#8221; last_page=&#8221;false&#8221;][vc_column][mk_fancy_title tag_name=&#8221;h1&#8243; color=&#8221;#ffffff&#8221; size=&#8221;28&#8243; font_weight=&#8221;bold&#8221; txt_transform=&#8221;uppercase&#8221; letter_spacing=&#8221;6&#8243; margin_bottom=&#8221;0&#8243; font_family=&#8221;none&#8221; align=&#8221;center&#8221;]CONTACT US[\/mk_fancy_title][mk_divider style=&#8221;thin_solid&#8221; divider_width=&#8221;custom_width&#8221; custom_width=&#8221;30&#8243; thin_single_color=&#8221;#dbc76d&#8221; thickness=&#8221;3&#8243; margin_top=&#8221;30&#8243; margin_bottom=&#8221;30&#8243;][vc_column_text disable_pattern=&#8221;false&#8221; align=&#8221;center&#8221; margin_bottom=&#8221;60&#8243; css=&#8221;.vc_custom_1542019947795{margin-bottom: 60px !important;}&#8221;] Poligono Cer\u00e1mica de la Asunci\u00f3n C\/ Barran Fort Sn Po Box &#8211; 03330 Crevillente Alicante (Espa\u00f1a) Tel\u00e9fono: +34 966 682 705 [\/vc_column_text][vc_row_inner attached=&#8221;true&#8221;][vc_column_inner [&hellip;]<\/p>\n","protected":false},"author":1,"featured_media":0,"parent":0,"menu_order":6,"comment_status":"closed","ping_status":"closed","template":"","meta":{"_exactmetrics_skip_tracking":false,"_exactmetrics_sitenote_active":false,"_exactmetrics_sitenote_note":"","_exactmetrics_sitenote_category":0,"footnotes":""},"class_list":["post-14237","page","type-page","status-publish","hentry"],"aioseo_notices":[],"_links":{"self":[{"href":"https:\/\/lakeshoes.es\/en\/wp-json\/wp\/v2\/pages\/14237","targetHints":{"allow":["GET"]}}],"collection":[{"href":"https:\/\/lakeshoes.es\/en\/wp-json\/wp\/v2\/pages"}],"about":[{"href":"https:\/\/lakeshoes.es\/en\/wp-json\/wp\/v2\/types\/page"}],"author":[{"embeddable":true,"href":"https:\/\/lakeshoes.es\/en\/wp-json\/wp\/v2\/users\/1"}],"replies":[{"embeddable":true,"href":"https:\/\/lakeshoes.es\/en\/wp-json\/wp\/v2\/comments?post=14237"}],"version-history":[{"count":6,"href":"https:\/\/lakeshoes.es\/en\/wp-json\/wp\/v2\/pages\/14237\/revisions"}],"predecessor-version":[{"id":19176,"href":"https:\/\/lakeshoes.es\/en\/wp-json\/wp\/v2\/pages\/14237\/revisions\/19176"}],"wp:attachment":[{"href":"https:\/\/lakeshoes.es\/en\/wp-json\/wp\/v2\/media?parent=14237"}],"curies":[{"name":"wp","href":"https:\/\/api.w.org\/{rel}","templated":true}]}}